{"id":2782,"date":"2021-06-02T15:43:06","date_gmt":"2021-06-02T15:43:06","guid":{"rendered":"https:\/\/www.songhatid.com\/?page_id=2782"},"modified":"2025-04-27T12:22:25","modified_gmt":"2025-04-27T12:22:25","slug":"myndir","status":"publish","type":"page","link":"https:\/\/songhatid.com\/en\/myndir\/","title":{"rendered":"GALLERY"},"content":{"rendered":"<h1>Photos from S\u00f6ngh\u00e1t\u00ed\u00f0 \u00ed Hafnarborg 2024<\/h1>\n\t<h1>Myndir fr\u00e1 S\u00f6ngh\u00e1t\u00ed\u00f0 \u00ed Hafnarborg 2023<\/h1>\n\t<h1>Photos from S\u00f6ngh\u00e1t\u00ed\u00f0 \u00ed Hafnarborg 2022<\/h1>\n\t<h1>Photos from S\u00f6ngh\u00e1t\u00ed\u00f0 \u00ed Hafnarborg 2021<\/h1>\n\t<h1>Photos from S\u00f6ngh\u00e1t\u00ed\u00f0 \u00ed Hafnarborg 2020<\/h1>\n\t<h1>Photos from S\u00f6ngh\u00e1t\u00ed\u00f0 \u00ed Hafnarborg 2019<\/h1>\n\t<h1>Photos from S\u00f6ngh\u00e1t\u00ed\u00f0 \u00ed Hafnarborg 2018<\/h1>\n\t<h1>Photos from S\u00f6ngh\u00e1t\u00ed\u00f0 \u00ed Hafnarborg 2017<\/h1>\n\t\t\t\t<img loading=\"lazy\" decoding=\"async\" src=\"https:\/\/songhatid.com\/wp-content\/uploads\/2018\/03\/Logo-Hafnaborg.png\" alt=\"Logo Hafnaborg\" itemprop=\"image\" height=\"90\" width=\"223\" title=\"Logo Hafnaborg\" onerror=\"this.style.display='none'\"  \/>\n\t\t\t\t<img decoding=\"async\" src=\"https:\/\/songhatid.com\/wp-content\/uploads\/2017\/05\/Hafnarfjordur-logo-website-2-e1527517571260.png\" alt=\"Hafnarfjordur logo website\" itemprop=\"image\" title=\"Hafnarfjordur logo website\" onerror=\"this.style.display='none'\"  \/>\n\t\t\t\t<img loading=\"lazy\" decoding=\"async\" src=\"https:\/\/songhatid.com\/wp-content\/uploads\/2018\/05\/TMI-Tonlistarsjodur-Merki-B-Svart.png\" alt=\"TMI-Tonlistarsjodur-Merki-B-Svart\" itemprop=\"image\" height=\"1184\" width=\"5870\" title=\"TMI-Tonlistarsjodur-Merki-B-Svart\" onerror=\"this.style.display='none'\"  \/>\n\t<hr \/>\n<p>&nbsp;<\/p>\n<h2>\u00a9 S\u00f6ngh\u00e1t\u00ed\u00f0 \u00ed Hafnarborg<\/h2>\n<p>www.songhatid.is<\/p>\n<p>info@songhatid.com<\/p>\n<p>Hafnarborg, Strandgata 34, 220 Hafnarfj\u00f6r\u00f0ur<\/p>\n<p>S. 585 5790<\/p>","protected":false},"excerpt":{"rendered":"<p>Myndir fr\u00e1 S\u00f6ngh\u00e1t\u00ed\u00f0 \u00ed Hafnarborg 2024 Myndir fr\u00e1 S\u00f6ngh\u00e1t\u00ed\u00f0 \u00ed Hafnarborg 2023 Myndir fr\u00e1 S\u00f6ngh\u00e1t\u00ed\u00f0 \u00ed Hafnarborg 2022 Myndir fr\u00e1 S\u00f6ngh\u00e1t\u00ed\u00f0 \u00ed Hafnarborg 2021 Myndir fr\u00e1 S\u00f6ngh\u00e1t\u00ed\u00f0 \u00ed Hafnarborg 2020 Myndir fr\u00e1 S\u00f6ngh\u00e1t\u00ed\u00f0 \u00ed Hafnarborg 2019 Myndir fr\u00e1 S\u00f6ngh\u00e1t\u00ed\u00f0 \u00ed Hafnarborg 2018 Myndir fr\u00e1 S\u00f6ngh\u00e1t\u00ed\u00f0 \u00ed Hafnarborg 2017 &nbsp; \u00a9 S\u00f6ngh\u00e1t\u00ed\u00f0 \u00ed Hafnarborg www.songhatid.is info@songhatid.com&hellip;<\/p>","protected":false},"author":1,"featured_media":0,"parent":0,"menu_order":0,"comment_status":"closed","ping_status":"closed","template":"","meta":{"footnotes":""},"class_list":["post-2782","page","type-page","status-publish","hentry"],"_links":{"self":[{"href":"https:\/\/songhatid.com\/en\/wp-json\/wp\/v2\/pages\/2782","targetHints":{"allow":["GET"]}}],"collection":[{"href":"https:\/\/songhatid.com\/en\/wp-json\/wp\/v2\/pages"}],"about":[{"href":"https:\/\/songhatid.com\/en\/wp-json\/wp\/v2\/types\/page"}],"author":[{"embeddable":true,"href":"https:\/\/songhatid.com\/en\/wp-json\/wp\/v2\/users\/1"}],"replies":[{"embeddable":true,"href":"https:\/\/songhatid.com\/en\/wp-json\/wp\/v2\/comments?post=2782"}],"version-history":[{"count":22,"href":"https:\/\/songhatid.com\/en\/wp-json\/wp\/v2\/pages\/2782\/revisions"}],"predecessor-version":[{"id":3924,"href":"https:\/\/songhatid.com\/en\/wp-json\/wp\/v2\/pages\/2782\/revisions\/3924"}],"wp:attachment":[{"href":"https:\/\/songhatid.com\/en\/wp-json\/wp\/v2\/media?parent=2782"}],"curies":[{"name":"wp","href":"https:\/\/api.w.org\/{rel}","templated":true}]}}