{"id":2790,"date":"2021-06-02T15:51:24","date_gmt":"2021-06-02T15:51:24","guid":{"rendered":"https:\/\/www.songhatid.com\/?page_id=2790"},"modified":"2022-04-29T11:51:36","modified_gmt":"2022-04-29T11:51:36","slug":"myndbond","status":"publish","type":"page","link":"https:\/\/songhatid.com\/en\/myndbond\/","title":{"rendered":"VIDEOS"},"content":{"rendered":"\n\n\t<h1>Myndb\u00f6nd<\/h1>\n<h4>T\u00f3nleikauppt\u00f6kur og vi\u00f0t\u00f6l. Myndb\u00f6ndin m\u00e1 einnig sj\u00e1 \u00e1 <a href=\"https:\/\/www.youtube.com\/channel\/UCgf9e6YwiQGsbyYhUjbBKsA\" target=\"_blank\" rel=\"noopener\">YouTube s\u00ed\u00f0u h\u00e1t\u00ed\u00f0arinnar.<\/a><\/h4>\n\t<h1>2021<\/h1>\n\t<iframe loading=\"lazy\" title=\"Hvar ertu? - Tryggvi M. Baldvinsson - Andri Bj\u00f6rn, Hallveig &amp; Hr\u00f6nn\" width=\"500\" height=\"281\" src=\"https:\/\/www.youtube.com\/embed\/L1dJDfptal0?feature=oembed\" frameborder=\"0\" allow=\"accelerometer; autoplay; clipboard-write; encrypted-media; gyroscope; picture-in-picture\" allowfullscreen><\/iframe>\n\t<iframe loading=\"lazy\" title=\"J. S. Bach: Ich f\u00fcrchte nicht des Todes Schrecken - Benedikt Kristj\u00e1nsson\" width=\"500\" height=\"281\" src=\"https:\/\/www.youtube.com\/embed\/VC8DiinMJrs?feature=oembed\" frameborder=\"0\" allow=\"accelerometer; autoplay; clipboard-write; encrypted-media; gyroscope; picture-in-picture\" allowfullscreen><\/iframe>\n\t<iframe loading=\"lazy\" title=\"Benedikt Kristja\u0301nsson - s\u00f6ngt\u00e6kni\" width=\"500\" height=\"281\" src=\"https:\/\/www.youtube.com\/embed\/39zMJQMikhs?start=34&#038;feature=oembed\" frameborder=\"0\" allow=\"accelerometer; autoplay; clipboard-write; encrypted-media; gyroscope; picture-in-picture\" allowfullscreen><\/iframe>\n\t<iframe loading=\"lazy\" title=\"Ideale - Tosti - Alexander Jarl \u00deorsteinsson, Francisco Javier J\u00e1uregui &amp; P\u00e9tur J\u00f3nasson\" width=\"500\" height=\"281\" src=\"https:\/\/www.youtube.com\/embed\/xcHRpwJ-37E?feature=oembed\" frameborder=\"0\" allow=\"accelerometer; autoplay; clipboard-write; encrypted-media; gyroscope; picture-in-picture\" allowfullscreen><\/iframe>\n\t<iframe loading=\"lazy\" title=\"Der Tamboursg&#039;sell - Mahler - Andri Bj\u00f6rn R\u00f3bertsson &amp; Hr\u00f6nn \u00der\u00e1insd\u00f3ttir\" width=\"500\" height=\"281\" src=\"https:\/\/www.youtube.com\/embed\/ayWrKUNVt4M?feature=oembed\" frameborder=\"0\" allow=\"accelerometer; autoplay; clipboard-write; encrypted-media; gyroscope; picture-in-picture\" allowfullscreen><\/iframe>\n\t<iframe loading=\"lazy\" title=\"Jesu\u0301 s\u00e6ti, gle\u00f0in g\u00e6\u00f0a - Hymnodia Sacra - Gu\u00f0r\u00fan J\u00f3hanna, Sigur\u00f0ur og Halld\u00f3r Bjarki\" width=\"500\" height=\"281\" src=\"https:\/\/www.youtube.com\/embed\/pkfo5MLHnzI?feature=oembed\" frameborder=\"0\" allow=\"accelerometer; autoplay; clipboard-write; encrypted-media; gyroscope; picture-in-picture\" allowfullscreen><\/iframe>\n\t<iframe loading=\"lazy\" title=\"Gry\u0301la og Leppal\u00fa\u00f0i - Tryggvi M. Baldvinsson - Hallveig, Andri Bj\u00f6rn &amp; Hr\u00f6nn\" width=\"500\" height=\"281\" src=\"https:\/\/www.youtube.com\/embed\/543p6QTh3Hc?feature=oembed\" frameborder=\"0\" allow=\"accelerometer; autoplay; clipboard-write; encrypted-media; gyroscope; picture-in-picture\" allowfullscreen><\/iframe>\n\t<iframe loading=\"lazy\" title=\"J. S. Bach: Schliesse, mein Herze - Gu\u00f0r\u00fan J\u00f3hanna \u00d3lafsd\u00f3ttir\" width=\"500\" height=\"281\" src=\"https:\/\/www.youtube.com\/embed\/OenY9GeC3Zg?feature=oembed\" frameborder=\"0\" allow=\"accelerometer; autoplay; clipboard-write; encrypted-media; gyroscope; picture-in-picture\" allowfullscreen><\/iframe>\n\t<iframe loading=\"lazy\" title=\"Cara speme - H\u00e4ndel - Gu\u00f0r\u00fan J\u00f3hanna \u00d3lafsd\u00f3ttir\" width=\"500\" height=\"281\" src=\"https:\/\/www.youtube.com\/embed\/95ylxmjqJ18?feature=oembed\" frameborder=\"0\" allow=\"accelerometer; autoplay; clipboard-write; encrypted-media; gyroscope; picture-in-picture\" allowfullscreen><\/iframe>\n\t<iframe loading=\"lazy\" title=\"Vont og gott - Tryggvi M. Baldvinsson - Hallveig R\u00fanarsd\u00f3ttir &amp; Hr\u00f6nn \u00der\u00e1insd\u00f3ttir\" width=\"500\" height=\"281\" src=\"https:\/\/www.youtube.com\/embed\/27ZlOE-CXJg?feature=oembed\" frameborder=\"0\" allow=\"accelerometer; autoplay; clipboard-write; encrypted-media; gyroscope; picture-in-picture\" allowfullscreen><\/iframe>\n\t<iframe loading=\"lazy\" title=\"Polo - Manuel de Falla - Gudr\u00fan \u00d3lafsd\u00f3ttir, Francisco Javier J\u00e1uregui &amp; P\u00e9tur J\u00f3nasson\" width=\"500\" height=\"281\" src=\"https:\/\/www.youtube.com\/embed\/vyuQGEPc-Nc?feature=oembed\" frameborder=\"0\" allow=\"accelerometer; autoplay; clipboard-write; encrypted-media; gyroscope; picture-in-picture\" allowfullscreen><\/iframe>\n\t<iframe loading=\"lazy\" title=\"Zorongo - Garc\u00eda Lorca - Gudr\u00fan \u00d3lafsd\u00f3ttir &amp; Francisco Javier J\u00e1uregui\" width=\"500\" height=\"281\" src=\"https:\/\/www.youtube.com\/embed\/Zg4pmI2ejkU?feature=oembed\" frameborder=\"0\" allow=\"accelerometer; autoplay; clipboard-write; encrypted-media; gyroscope; picture-in-picture\" allowfullscreen><\/iframe>\n\t<iframe loading=\"lazy\" title=\"Sma\u0301vinir fagrir - J\u00f3n Nordal - Schola Cantorum - H\u00f6r\u00f0ur \u00c1skelsson\" width=\"500\" height=\"281\" src=\"https:\/\/www.youtube.com\/embed\/t1kUyKhByeo?feature=oembed\" frameborder=\"0\" allow=\"accelerometer; autoplay; clipboard-write; encrypted-media; gyroscope; picture-in-picture\" allowfullscreen><\/iframe>\n\t<iframe loading=\"lazy\" title=\"Hro\u0301lfur S\u00e6mundsson - vi\u00f0tal um s\u00f6ng\" width=\"500\" height=\"281\" src=\"https:\/\/www.youtube.com\/embed\/LwLH78Dx3_w?feature=oembed\" frameborder=\"0\" allow=\"accelerometer; autoplay; clipboard-write; encrypted-media; gyroscope; picture-in-picture\" allowfullscreen><\/iframe>\n\t<iframe loading=\"lazy\" title=\"Mattinata - Leoncavallo - Alexander Jarl \u00deorsteinsson, Francisco Javier J\u00e1uregui &amp; P\u00e9tur J\u00f3nasson\" width=\"500\" height=\"281\" src=\"https:\/\/www.youtube.com\/embed\/a9HNEqEAwGM?feature=oembed\" frameborder=\"0\" allow=\"accelerometer; autoplay; clipboard-write; encrypted-media; gyroscope; picture-in-picture\" allowfullscreen><\/iframe>\n\t<iframe loading=\"lazy\" title=\"Asturiana - Manuel de Falla - Gudr\u00fan \u00d3lafsd\u00f3ttir, Francisco Javier J\u00e1uregui &amp; P\u00e9tur J\u00f3nasson\" width=\"500\" height=\"281\" src=\"https:\/\/www.youtube.com\/embed\/xNOP4yVwA0w?feature=oembed\" frameborder=\"0\" allow=\"accelerometer; autoplay; clipboard-write; encrypted-media; gyroscope; picture-in-picture\" allowfullscreen><\/iframe>\n\t<iframe loading=\"lazy\" title=\"A\u0301rni Heimir Ing\u00f3lfsson - vi\u00f0tal um T\u00f3nlist li\u00f0inna alda - Gu\u00f0r\u00fan J\u00f3hanna \u00d3lafsd\u00f3ttir\" width=\"500\" height=\"281\" src=\"https:\/\/www.youtube.com\/embed\/KZIbdGXwVbA?start=60&#038;feature=oembed\" frameborder=\"0\" allow=\"accelerometer; autoplay; clipboard-write; encrypted-media; gyroscope; picture-in-picture\" allowfullscreen><\/iframe>\n\t<iframe loading=\"lazy\" title=\"Skri\u0301msli\u00f0 - Hildigunnur R\u00fanarsd\u00f3ttir - Hallveig R\u00fanarsd\u00f3ttir, Andri Bj\u00f6rn R\u00f3bertsson &amp; Hr\u00f6nn \u00der\u00e1ins\" width=\"500\" height=\"281\" src=\"https:\/\/www.youtube.com\/embed\/BcFIdIXGz2Q?feature=oembed\" frameborder=\"0\" allow=\"accelerometer; autoplay; clipboard-write; encrypted-media; gyroscope; picture-in-picture\" allowfullscreen><\/iframe>\n\t<iframe loading=\"lazy\" title=\"Sof\u00f0u, unga a\u0301stin mi\u0301n - Benedikt, Gu\u00f0r\u00fan, P\u00e9tur, Halld\u00f3r Bjarki &amp; Sigur\u00f0ur\" width=\"500\" height=\"281\" src=\"https:\/\/www.youtube.com\/embed\/3XsjPxnd6xI?feature=oembed\" frameborder=\"0\" allow=\"accelerometer; autoplay; clipboard-write; encrypted-media; gyroscope; picture-in-picture\" allowfullscreen><\/iframe>\n\t<iframe loading=\"lazy\" title=\"Bjarni Thor Kristinsson - vi\u00f0tal um s\u00f6ng\" width=\"500\" height=\"281\" src=\"https:\/\/www.youtube.com\/embed\/yw9Pf7XVEGI?feature=oembed\" frameborder=\"0\" allow=\"accelerometer; autoplay; clipboard-write; encrypted-media; gyroscope; picture-in-picture\" allowfullscreen><\/iframe>\n\t<iframe loading=\"lazy\" title=\"Anda, jaleo - Garci\u0301a Lorca - Gu\u00f0r\u00fan J\u00f3hanna \u00d3lafsd\u00f3ttir, Francisco Javier J\u00e1uregui &amp; P\u00e9tur J\u00f3nasson\" width=\"500\" height=\"281\" src=\"https:\/\/www.youtube.com\/embed\/jERpek2a6XI?feature=oembed\" frameborder=\"0\" allow=\"accelerometer; autoplay; clipboard-write; encrypted-media; gyroscope; picture-in-picture\" allowfullscreen><\/iframe>\n\t<iframe loading=\"lazy\" title=\"Core 'ngrato - Alexander Jarl \u00deorsteinsson, Francisco Javier J\u00e1uregui, P\u00e9tur J\u00f3nasson\" width=\"500\" height=\"281\" src=\"https:\/\/www.youtube.com\/embed\/1qHusAnv1UU?feature=oembed\" frameborder=\"0\" allow=\"accelerometer; autoplay; clipboard-write; encrypted-media; gyroscope; picture-in-picture\" allowfullscreen><\/iframe>\n\t<iframe loading=\"lazy\" title=\"Ich eile die Lehren des Leben zu h\u00f6ren - J. S. Bach - Benedikt Kristj\u00e1nsson\" width=\"500\" height=\"281\" src=\"https:\/\/www.youtube.com\/embed\/EBKHPEYG4pk?feature=oembed\" frameborder=\"0\" allow=\"accelerometer; autoplay; clipboard-write; encrypted-media; gyroscope; picture-in-picture\" allowfullscreen><\/iframe>\n\t<iframe loading=\"lazy\" title=\"Ne parlons jamais d&#039;amour - Brugui\u00e8re - Gu\u00f0r\u00fan J\u00f3hanna \u00d3lafsd\u00f3ttir &amp; Francisco Javier J\u00e1uregui\" width=\"500\" height=\"281\" src=\"https:\/\/www.youtube.com\/embed\/PeTLN1Wjb-U?feature=oembed\" frameborder=\"0\" allow=\"accelerometer; autoplay; clipboard-write; encrypted-media; gyroscope; picture-in-picture\" allowfullscreen><\/iframe>\n\t<h1>2020<\/h1>\n\t<iframe loading=\"lazy\" title=\"3. Im Treibhaus - Wesendonck Lieder - Wagner - Stuart Skelton &amp; Matthildur Anna G\u00edslad\u00f3ttir\" width=\"500\" height=\"281\" src=\"https:\/\/www.youtube.com\/embed\/H4yAT-SF_G4?feature=oembed\" frameborder=\"0\" allow=\"accelerometer; autoplay; clipboard-write; encrypted-media; gyroscope; picture-in-picture\" allowfullscreen><\/iframe>\n\t<iframe loading=\"lazy\" title=\"Kv\u00f6ldv\u00edsur um sumarm\u00e1l - J\u00f3n \u00c1sgeirsson - Herdi\u0301s Anna &amp; Anna Gu\u00f0n\u00fd\" width=\"500\" height=\"281\" src=\"https:\/\/www.youtube.com\/embed\/hM9ufDDI-1o?feature=oembed\" frameborder=\"0\" allow=\"accelerometer; autoplay; clipboard-write; encrypted-media; gyroscope; picture-in-picture\" allowfullscreen><\/iframe>\n\t<iframe loading=\"lazy\" title=\"Fairest Isle - Purcell - Eyjo\u0301lfur Eyj\u00f3lfsson &amp; Javier J\u00e1uregui\" width=\"500\" height=\"281\" src=\"https:\/\/www.youtube.com\/embed\/sPvFWmQ_lBc?feature=oembed\" frameborder=\"0\" allow=\"accelerometer; autoplay; clipboard-write; encrypted-media; gyroscope; picture-in-picture\" allowfullscreen><\/iframe>\n\t<iframe loading=\"lazy\" title=\"2. Stehe still! - Wesendonck Lieder - Wagner - Stuart Skelton &amp; Matthildur Anna G\u00edslad\u00f3ttir\" width=\"500\" height=\"281\" src=\"https:\/\/www.youtube.com\/embed\/zVpBrt7ZPG4?feature=oembed\" frameborder=\"0\" allow=\"accelerometer; autoplay; clipboard-write; encrypted-media; gyroscope; picture-in-picture\" allowfullscreen><\/iframe>\n\t<iframe loading=\"lazy\" title=\"Herdi\u0301s Anna J\u00f3nasd\u00f3ttir - s\u00f6ngt\u00e6kni\" width=\"500\" height=\"281\" src=\"https:\/\/www.youtube.com\/embed\/EoFHISSqoAo?feature=oembed\" frameborder=\"0\" allow=\"accelerometer; autoplay; clipboard-write; encrypted-media; gyroscope; picture-in-picture\" allowfullscreen><\/iframe>\n\t<iframe loading=\"lazy\" title=\"Chi vuol la zingarella - Paisiello - Gu\u00f0r\u00fan, Eyj\u00f3lfur &amp; Javier\" width=\"500\" height=\"281\" src=\"https:\/\/www.youtube.com\/embed\/gGHrHCjNNtw?feature=oembed\" frameborder=\"0\" allow=\"accelerometer; autoplay; clipboard-write; encrypted-media; gyroscope; picture-in-picture\" allowfullscreen><\/iframe>\n\t<iframe loading=\"lazy\" title=\"1. Der Engel - Wesendonck Lieder - Wagner - Stuart Skelton &amp; Matthildur Anna G\u00edslad\u00f3ttir\" width=\"500\" height=\"281\" src=\"https:\/\/www.youtube.com\/embed\/NuEjl9Fcms8?feature=oembed\" frameborder=\"0\" allow=\"accelerometer; autoplay; clipboard-write; encrypted-media; gyroscope; picture-in-picture\" allowfullscreen><\/iframe>\n\t<iframe loading=\"lazy\" title=\"The Religion of Love - Francisco Javier J\u00e1uregui - In Memoriam Sir John Tavener\" width=\"500\" height=\"281\" src=\"https:\/\/www.youtube.com\/embed\/2zUBJ8EoKK0?feature=oembed\" frameborder=\"0\" allow=\"accelerometer; autoplay; clipboard-write; encrypted-media; gyroscope; picture-in-picture\" allowfullscreen><\/iframe>\n\t<iframe loading=\"lazy\" title=\"N\u00fa sn\u00fdr \u00fe\u00fa j\u00f6r\u00f0 - J\u00f3n \u00c1sgeirsson - Gunnlaugur og Anna Gu\u00f0n\u00fd\" width=\"500\" height=\"281\" src=\"https:\/\/www.youtube.com\/embed\/8lxt3Cf8H9w?feature=oembed\" frameborder=\"0\" allow=\"accelerometer; autoplay; clipboard-write; encrypted-media; gyroscope; picture-in-picture\" allowfullscreen><\/iframe>\n\t<iframe loading=\"lazy\" title=\"Stuart Skelton - Vocal Technique\" width=\"500\" height=\"281\" src=\"https:\/\/www.youtube.com\/embed\/7jHqHdX6iEE?feature=oembed\" frameborder=\"0\" allow=\"accelerometer; autoplay; clipboard-write; encrypted-media; gyroscope; picture-in-picture\" allowfullscreen><\/iframe>\n\t<iframe loading=\"lazy\" title=\"Chi vuol la zingarella - Paisiello - Gu\u00f0r\u00fan, Eyj\u00f3lfur &amp; Javier\" width=\"500\" height=\"281\" src=\"https:\/\/www.youtube.com\/embed\/gGHrHCjNNtw?feature=oembed\" frameborder=\"0\" allow=\"accelerometer; autoplay; clipboard-write; encrypted-media; gyroscope; picture-in-picture\" allowfullscreen><\/iframe>\n\t<iframe loading=\"lazy\" title=\"Depuis le jour - Charpentier - Halld\u00f3ra \u00d3sk Helgad\u00f3ttir\" width=\"500\" height=\"281\" src=\"https:\/\/www.youtube.com\/embed\/fLt1rklZp_M?feature=oembed\" frameborder=\"0\" allow=\"accelerometer; autoplay; clipboard-write; encrypted-media; gyroscope; picture-in-picture\" allowfullscreen><\/iframe>\n\t<h1>2019<\/h1>\n\t<iframe loading=\"lazy\" width=\"500\" height=\"281\" src=\"https:\/\/www.youtube.com\/embed\/pdwWyWb-la4?feature=oembed\" frameborder=\"0\" allow=\"accelerometer; autoplay; encrypted-media; gyroscope; picture-in-picture\" allowfullscreen><\/iframe>\n\t<iframe loading=\"lazy\" width=\"500\" height=\"281\" src=\"https:\/\/www.youtube.com\/embed\/W1pFOjyP-eU?feature=oembed\" frameborder=\"0\" allow=\"accelerometer; autoplay; encrypted-media; gyroscope; picture-in-picture\" allowfullscreen><\/iframe>\n\t<iframe loading=\"lazy\" width=\"500\" height=\"281\" src=\"https:\/\/www.youtube.com\/embed\/NI7dN851EvY?feature=oembed\" frameborder=\"0\" allow=\"accelerometer; autoplay; encrypted-media; gyroscope; picture-in-picture\" allowfullscreen><\/iframe>\n\t<iframe loading=\"lazy\" width=\"500\" height=\"281\" src=\"https:\/\/www.youtube.com\/embed\/iA0EbJREGLI?feature=oembed\" frameborder=\"0\" allow=\"accelerometer; autoplay; encrypted-media; gyroscope; picture-in-picture\" allowfullscreen><\/iframe>\n\t<iframe loading=\"lazy\" width=\"500\" height=\"281\" src=\"https:\/\/www.youtube.com\/embed\/IaKz2HrhxUo?feature=oembed\" frameborder=\"0\" allow=\"accelerometer; autoplay; encrypted-media; gyroscope; picture-in-picture\" allowfullscreen><\/iframe>\n\t<iframe loading=\"lazy\" width=\"500\" height=\"281\" src=\"https:\/\/www.youtube.com\/embed\/Fz2dKoqT8FA?feature=oembed\" frameborder=\"0\" allow=\"accelerometer; autoplay; encrypted-media; gyroscope; picture-in-picture\" allowfullscreen><\/iframe>\n\t<iframe loading=\"lazy\" width=\"500\" height=\"281\" src=\"https:\/\/www.youtube.com\/embed\/m47r6b5YGzU?feature=oembed\" frameborder=\"0\" allow=\"accelerometer; autoplay; encrypted-media; gyroscope; picture-in-picture\" allowfullscreen><\/iframe>\n\t<iframe loading=\"lazy\" width=\"500\" height=\"281\" src=\"https:\/\/www.youtube.com\/embed\/btlFArBHflc?feature=oembed\" frameborder=\"0\" allow=\"accelerometer; autoplay; encrypted-media; gyroscope; picture-in-picture\" allowfullscreen><\/iframe>\n\t<iframe loading=\"lazy\" width=\"500\" height=\"281\" src=\"https:\/\/www.youtube.com\/embed\/q542pDx87co?feature=oembed\" frameborder=\"0\" allow=\"accelerometer; autoplay; encrypted-media; gyroscope; picture-in-picture\" allowfullscreen><\/iframe>\n\t<iframe loading=\"lazy\" width=\"500\" height=\"281\" src=\"https:\/\/www.youtube.com\/embed\/CdY0KQr9wFM?feature=oembed\" frameborder=\"0\" allow=\"accelerometer; autoplay; encrypted-media; gyroscope; picture-in-picture\" allowfullscreen><\/iframe>\n\t<iframe loading=\"lazy\" width=\"500\" height=\"281\" src=\"https:\/\/www.youtube.com\/embed\/CxGPwDHWfxM?feature=oembed\" frameborder=\"0\" allow=\"accelerometer; autoplay; encrypted-media; gyroscope; picture-in-picture\" allowfullscreen><\/iframe>\n\t<iframe loading=\"lazy\" width=\"500\" height=\"281\" src=\"https:\/\/www.youtube.com\/embed\/TAFF5_N2YbY?feature=oembed\" frameborder=\"0\" allow=\"accelerometer; autoplay; encrypted-media; gyroscope; picture-in-picture\" allowfullscreen><\/iframe>\n\t<iframe loading=\"lazy\" width=\"500\" height=\"281\" src=\"https:\/\/www.youtube.com\/embed\/PCNu4B-nNTI?start=222&#038;feature=oembed\" frameborder=\"0\" allow=\"accelerometer; autoplay; encrypted-media; gyroscope; picture-in-picture\" allowfullscreen><\/iframe>\n\t<iframe loading=\"lazy\" width=\"500\" height=\"281\" src=\"https:\/\/www.youtube.com\/embed\/PeFABRt2a6s?start=24&#038;feature=oembed\" frameborder=\"0\" allow=\"accelerometer; autoplay; encrypted-media; gyroscope; picture-in-picture\" allowfullscreen><\/iframe>\n\t<iframe loading=\"lazy\" width=\"500\" height=\"281\" src=\"https:\/\/www.youtube.com\/embed\/iVwk6HggxeY?start=35&#038;feature=oembed\" frameborder=\"0\" allow=\"accelerometer; autoplay; encrypted-media; gyroscope; picture-in-picture\" allowfullscreen><\/iframe>\n\t<h1>2018<\/h1>\n\t<iframe loading=\"lazy\" width=\"500\" height=\"281\" src=\"https:\/\/www.youtube.com\/embed\/u-ixtzXk0nQ?feature=oembed\" frameborder=\"0\" allow=\"accelerometer; autoplay; encrypted-media; gyroscope; picture-in-picture\" allowfullscreen><\/iframe>\n\t<iframe loading=\"lazy\" width=\"500\" height=\"281\" src=\"https:\/\/www.youtube.com\/embed\/ejFnVT7G4AI?feature=oembed\" frameborder=\"0\" allow=\"accelerometer; autoplay; encrypted-media; gyroscope; picture-in-picture\" allowfullscreen><\/iframe>\n\t<iframe loading=\"lazy\" width=\"500\" height=\"281\" src=\"https:\/\/www.youtube.com\/embed\/LViyAtjJEd8?feature=oembed\" frameborder=\"0\" allow=\"accelerometer; autoplay; encrypted-media; gyroscope; picture-in-picture\" allowfullscreen><\/iframe>\n\t<iframe loading=\"lazy\" width=\"500\" height=\"281\" src=\"https:\/\/www.youtube.com\/embed\/Prar5uEFh6s?feature=oembed\" frameborder=\"0\" allow=\"accelerometer; autoplay; encrypted-media; gyroscope; picture-in-picture\" allowfullscreen><\/iframe>\n\t<iframe loading=\"lazy\" width=\"500\" height=\"281\" src=\"https:\/\/www.youtube.com\/embed\/tCs14Zw3unY?feature=oembed\" frameborder=\"0\" allow=\"accelerometer; autoplay; encrypted-media; gyroscope; picture-in-picture\" allowfullscreen><\/iframe>\n\t<iframe loading=\"lazy\" width=\"500\" height=\"281\" src=\"https:\/\/www.youtube.com\/embed\/PSVFDlZ1HLE?feature=oembed\" frameborder=\"0\" allow=\"accelerometer; autoplay; encrypted-media; gyroscope; picture-in-picture\" allowfullscreen><\/iframe>\n\t<iframe loading=\"lazy\" width=\"500\" height=\"281\" src=\"https:\/\/www.youtube.com\/embed\/RD8ARUyJO8A?feature=oembed\" frameborder=\"0\" allow=\"accelerometer; autoplay; encrypted-media; gyroscope; picture-in-picture\" allowfullscreen><\/iframe>\n\t<iframe loading=\"lazy\" width=\"500\" height=\"281\" src=\"https:\/\/www.youtube.com\/embed\/baNDn6IQndE?feature=oembed\" frameborder=\"0\" allow=\"accelerometer; autoplay; encrypted-media; gyroscope; picture-in-picture\" allowfullscreen><\/iframe>\n\t<iframe loading=\"lazy\" width=\"500\" height=\"281\" src=\"https:\/\/www.youtube.com\/embed\/c_1IqP22P94?feature=oembed\" frameborder=\"0\" allow=\"accelerometer; autoplay; encrypted-media; gyroscope; picture-in-picture\" allowfullscreen><\/iframe>\n\t<iframe loading=\"lazy\" width=\"500\" height=\"281\" src=\"https:\/\/www.youtube.com\/embed\/yCkUZCB-M0M?feature=oembed\" frameborder=\"0\" allow=\"accelerometer; autoplay; encrypted-media; gyroscope; picture-in-picture\" allowfullscreen><\/iframe>\n\t<iframe loading=\"lazy\" width=\"500\" height=\"281\" src=\"https:\/\/www.youtube.com\/embed\/BCW1Vul-Irk?feature=oembed\" frameborder=\"0\" allow=\"accelerometer; autoplay; encrypted-media; gyroscope; picture-in-picture\" allowfullscreen><\/iframe>\n\t<iframe loading=\"lazy\" width=\"500\" height=\"281\" src=\"https:\/\/www.youtube.com\/embed\/bqMf-0KNBU4?feature=oembed\" frameborder=\"0\" allow=\"accelerometer; autoplay; encrypted-media; gyroscope; picture-in-picture\" allowfullscreen><\/iframe>\n\t<iframe loading=\"lazy\" width=\"500\" height=\"281\" src=\"https:\/\/www.youtube.com\/embed\/ebB2q_vELn0?feature=oembed\" frameborder=\"0\" allow=\"accelerometer; autoplay; encrypted-media; gyroscope; picture-in-picture\" allowfullscreen><\/iframe>\n\t<iframe loading=\"lazy\" width=\"500\" height=\"281\" src=\"https:\/\/www.youtube.com\/embed\/rPkK3Hjqt88?feature=oembed\" frameborder=\"0\" allow=\"accelerometer; autoplay; encrypted-media; gyroscope; picture-in-picture\" allowfullscreen><\/iframe>\n\t<iframe loading=\"lazy\" width=\"500\" height=\"281\" src=\"https:\/\/www.youtube.com\/embed\/y3w6uoXZVjg?feature=oembed\" frameborder=\"0\" allow=\"accelerometer; autoplay; encrypted-media; gyroscope; picture-in-picture\" allowfullscreen><\/iframe>\n\t<iframe loading=\"lazy\" width=\"500\" height=\"281\" src=\"https:\/\/www.youtube.com\/embed\/n7lmoENGxEM?feature=oembed\" frameborder=\"0\" allow=\"accelerometer; autoplay; encrypted-media; gyroscope; picture-in-picture\" allowfullscreen><\/iframe>\n\t<iframe loading=\"lazy\" width=\"560\" height=\"315\" src=\"https:\/\/www.youtube.com\/embed\/-__sxea-xbY\" frameborder=\"0\" allow=\"autoplay; encrypted-media\" allowfullscreen><\/iframe>\n\t<iframe loading=\"lazy\" width=\"560\" height=\"315\" src=\"https:\/\/www.youtube.com\/embed\/rOatEFVQs8E\" frameborder=\"0\" allow=\"autoplay; encrypted-media\" allowfullscreen><\/iframe>\n\t<iframe loading=\"lazy\" width=\"560\" height=\"315\" src=\"https:\/\/www.youtube.com\/embed\/Z1sdQGNuxrA\" frameborder=\"0\" allow=\"autoplay; encrypted-media\" allowfullscreen><\/iframe>\n\t<iframe loading=\"lazy\" width=\"560\" height=\"315\" src=\"https:\/\/www.youtube.com\/embed\/-NOeKrNkfLY\" frameborder=\"0\" allow=\"autoplay; encrypted-media\" allowfullscreen><\/iframe>\n\t<iframe loading=\"lazy\" width=\"560\" height=\"315\" src=\"https:\/\/www.youtube.com\/embed\/HivrnOq0aI8\" frameborder=\"0\" allow=\"autoplay; encrypted-media\" allowfullscreen><\/iframe>\n\t<iframe loading=\"lazy\" width=\"560\" height=\"315\" src=\"https:\/\/www.youtube.com\/embed\/g5o1okm9sZI\" frameborder=\"0\" allow=\"autoplay; encrypted-media\" allowfullscreen><\/iframe>\n\t<iframe loading=\"lazy\" width=\"560\" height=\"315\" src=\"https:\/\/www.youtube.com\/embed\/ww6abzbk3Ts\" frameborder=\"0\" allow=\"autoplay; encrypted-media\" allowfullscreen><\/iframe>\n\t<iframe loading=\"lazy\" width=\"560\" height=\"315\" src=\"https:\/\/www.youtube.com\/embed\/VIhXOOJIESM\" frameborder=\"0\" allow=\"autoplay; encrypted-media\" allowfullscreen><\/iframe>\n\t\t\t\t<img loading=\"lazy\" decoding=\"async\" src=\"https:\/\/songhatid.com\/wp-content\/uploads\/2018\/03\/Logo-Hafnaborg.png\" alt=\"Logo Hafnaborg\" itemprop=\"image\" height=\"90\" width=\"223\" title=\"Logo Hafnaborg\" onerror=\"this.style.display='none'\"  \/>\n\t\t\t\t<img loading=\"lazy\" decoding=\"async\" src=\"https:\/\/songhatid.com\/wp-content\/uploads\/2018\/03\/Mennta-og-menningarmalaraduneytid-Logo.png\" alt=\"Mennta og menningarmalaraduneytid Logo\" itemprop=\"image\" height=\"183\" width=\"275\" title=\"Mennta og menningarmalaraduneytid Logo\" onerror=\"this.style.display='none'\"  \/>\n\t\t\t\t<img decoding=\"async\" src=\"https:\/\/songhatid.com\/wp-content\/uploads\/2017\/05\/Hafnarfjordur-logo-website-2-e1527517571260.png\" alt=\"Hafnarfjordur logo website\" itemprop=\"image\" title=\"Hafnarfjordur logo website\" onerror=\"this.style.display='none'\"  \/>\n\t\t\t\t<img loading=\"lazy\" decoding=\"async\" src=\"https:\/\/songhatid.com\/wp-content\/uploads\/2018\/05\/LL_logo_blk_screen-2.png\" alt=\"LL_logo_blk_screen\" itemprop=\"image\" height=\"276\" width=\"178\" title=\"LL_logo_blk_screen\" onerror=\"this.style.display='none'\"  \/>\n\t\t\t\t<img loading=\"lazy\" decoding=\"async\" src=\"https:\/\/songhatid.com\/wp-content\/uploads\/2018\/05\/ITV-merki-orange-300x60.png\" alt=\"ITV-merki-orange\" itemprop=\"image\" height=\"60\" width=\"300\" title=\"ITV-merki-orange\" onerror=\"this.style.display='none'\"  \/>\n\t<hr \/>\n<p>[spacer height=&#8220;40px&#8220;]<\/p>\n<h2>\u00a9 S\u00f6ngh\u00e1t\u00ed\u00f0 \u00ed Hafnarborg<\/h2>\n<p>www.songhatid.is<\/p>\n<p>info@songhatid.com<\/p>\n<p>Hafnarborg, Strandgata 34, 220 Hafnarfj\u00f6r\u00f0ur<\/p>\n<p>S. 585 5790<\/p>\n\n","protected":false},"excerpt":{"rendered":"<p>Myndb\u00f6nd T\u00f3nleikauppt\u00f6kur og vi\u00f0t\u00f6l. Myndb\u00f6ndin m\u00e1 einnig sj\u00e1 \u00e1 YouTube s\u00ed\u00f0u h\u00e1t\u00ed\u00f0arinnar. 2021 2020 2019 2018 [spacer height=&#8220;40px&#8220;] \u00a9 S\u00f6ngh\u00e1t\u00ed\u00f0 \u00ed Hafnarborg www.songhatid.is info@songhatid.com Hafnarborg, Strandgata 34, 220 Hafnarfj\u00f6r\u00f0ur S. 585 5790<\/p>\n","protected":false},"author":1,"featured_media":0,"parent":0,"menu_order":0,"comment_status":"closed","ping_status":"closed","template":"","meta":{"footnotes":""},"class_list":["post-2790","page","type-page","status-publish","hentry"],"_links":{"self":[{"href":"https:\/\/songhatid.com\/en\/wp-json\/wp\/v2\/pages\/2790","targetHints":{"allow":["GET"]}}],"collection":[{"href":"https:\/\/songhatid.com\/en\/wp-json\/wp\/v2\/pages"}],"about":[{"href":"https:\/\/songhatid.com\/en\/wp-json\/wp\/v2\/types\/page"}],"author":[{"embeddable":true,"href":"https:\/\/songhatid.com\/en\/wp-json\/wp\/v2\/users\/1"}],"replies":[{"embeddable":true,"href":"https:\/\/songhatid.com\/en\/wp-json\/wp\/v2\/comments?post=2790"}],"version-history":[{"count":11,"href":"https:\/\/songhatid.com\/en\/wp-json\/wp\/v2\/pages\/2790\/revisions"}],"predecessor-version":[{"id":3140,"href":"https:\/\/songhatid.com\/en\/wp-json\/wp\/v2\/pages\/2790\/revisions\/3140"}],"wp:attachment":[{"href":"https:\/\/songhatid.com\/en\/wp-json\/wp\/v2\/media?parent=2790"}],"curies":[{"name":"wp","href":"https:\/\/api.w.org\/{rel}","templated":true}]}}