{"id":2858,"date":"2021-06-05T12:19:03","date_gmt":"2021-06-05T12:19:03","guid":{"rendered":"https:\/\/www.songhatid.com\/?page_id=2858"},"modified":"2025-06-14T23:09:05","modified_gmt":"2025-06-14T23:09:05","slug":"um-songhatid","status":"publish","type":"page","link":"https:\/\/songhatid.com\/en\/um-songhatid\/","title":{"rendered":"Um S\u00f6ngh\u00e1t\u00ed\u00f0"},"content":{"rendered":"<h2>\n\t\t\tS\u00f6ngh\u00e1t\u00ed\u00f0 \u00ed Hafnarborg 14.6. &#8211; 29.6.2025\t<\/h2>\n\t<p>K\u00e6ru gestir.<\/p>\n<p>&nbsp;<\/p>\n<p>Veri\u00f0 velkomin \u00e1 S\u00f6ngh\u00e1t\u00ed\u00f0 \u00ed Hafnarborg 14.6. &#8211; 29.6.2025!<\/p>\n<p>&nbsp;<\/p>\n<p>S\u00f6ngh\u00e1t\u00ed\u00f0 \u00ed Hafnarborg hefur \u00fea\u00f0 a\u00f0 markmi\u00f0i a\u00f0 koma list raddarinnar \u00e1 framf\u00e6ri. H\u00e1t\u00ed\u00f0in b\u00fd\u00f0ur upp \u00e1 t\u00f3nleika me\u00f0 eins\u00f6ngvurum, k\u00f3rum, kammers\u00f6ngh\u00f3pum og hlj\u00f3\u00f0f\u00e6raleikurum, fj\u00f6lskyldut\u00f3nleika, master class fyrir unga s\u00f6ngvara og s\u00f6ngnemendur, s\u00f6ngsmi\u00f0ju fyrir b\u00f6rn og \u00f3keypis t\u00f3nleika fyrir aldra\u00f0a og f\u00f3lk me\u00f0 heilabilun \u00e1 dagheimilum.<\/p>\n<p>&nbsp;<\/p>\n<p>S\u00f6ngh\u00e1t\u00ed\u00f0 \u00ed Hafnarborg var haldin \u00ed fyrsta sinn \u00e1ri\u00f0 2017 og hefur veri\u00f0 haldin \u00e1rlega s\u00ed\u00f0an, alls \u00e1tta sumur \u00ed r\u00f6\u00f0. N\u00e6sta h\u00e1t\u00ed\u00f0 fer fram 14. &#8211; 29. j\u00fan\u00ed 2025 og er undirb\u00faningur \u00ed fullum gangi.<\/p>\n<p>&nbsp;<\/p>\n<p>S\u00f6ngh\u00e1t\u00ed\u00f0 \u00ed Hafnarborg er sj\u00e1lfst\u00e6\u00f0 t\u00f3nlistarh\u00e1t\u00ed\u00f0 sem haldin er \u00ed samvinnu vi\u00f0 Hafnarborg. H\u00e1t\u00ed\u00f0in f\u00e9kk \u00cdslensku t\u00f3nlistarver\u00f0launin sem H\u00e1t\u00ed\u00f0 \u00e1rsins fyrir \u00e1ri\u00f0 2020. S\u00f6ngh\u00e1t\u00ed\u00f0 \u00ed Hafnarborg hefur hloti\u00f0 mikla athygli \u00ed fj\u00f6lmi\u00f0lum, g\u00f3\u00f0a a\u00f0s\u00f3kn \u00e1 t\u00f3nleika og n\u00e1mskei\u00f0 og mj\u00f6g j\u00e1kv\u00e6\u00f0a umfj\u00f6llun gagnr\u00fdnenda. Uppt\u00f6kur af S\u00f6ngh\u00e1t\u00ed\u00f0 eru i\u00f0ulega spila\u00f0ar \u00ed R\u00edkis\u00fatvarpinu.<\/p>\n<p>&nbsp;<\/p>\n<p>H\u00e1t\u00ed\u00f0in b\u00fd\u00f0ur upp \u00e1 s\u00f6ngt\u00f3nleika me\u00f0 eins\u00f6ngvurum \u00ed fremstu r\u00f6\u00f0, k\u00f3rum, kammers\u00f6ngh\u00f3pum og hlj\u00f3\u00f0f\u00e6raleikurum, sem leika \u00e1 n\u00fd og g\u00f6mul hlj\u00f3\u00f0f\u00e6ri. B\u00f6rnum b\u00fd\u00f0st a\u00f0 taka \u00fe\u00e1tt \u00ed<\/p>\n<p>1) S\u00f6ngsmi\u00f0ju \u00ed tveimur aldursh\u00f3pum, 6-9 \u00e1ra og 10-12 \u00e1ra, sem l\u00fdkur me\u00f0 \u00fe\u00e1ttt\u00f6ku \u00feeirra \u00ed opinberum t\u00f3nleikum<\/p>\n<p>2) T\u00f3nlistarsmi\u00f0ju fyrir 3-5 \u00e1ra me\u00f0 foreldrum<\/p>\n<p>3) Kr\u00edlas\u00f6ng fyrir 6-18 m\u00e1na\u00f0a me\u00f0 foreldrum.<\/p>\n<p>&nbsp;<\/p>\n<p>H\u00e1t\u00ed\u00f0in leggur \u00e1herslu \u00e1 mikilv\u00e6gi \u00feess a\u00f0 f\u00e1 f\u00f3lk til a\u00f0 taka \u00fe\u00e1tt b\u00e6\u00f0i me\u00f0 \u00fev\u00ed a\u00f0 nj\u00f3ta s\u00f6ng annarra og a\u00f0 syngja sj\u00e1lft t.d. \u00ed fj\u00f6ldas\u00f6ng \u00e1 t\u00f3nleikum.<\/p>\n<p>&nbsp;<\/p>\n<p>Einn virtasti og reynslumesti s\u00f6ngvari \u00cdslands, Kristinn Sigmundsson, kennir ungum s\u00f6ngvurum og langt komnum nemendum \u00e1 master class n\u00e1mskei\u00f0i, sem l\u00fdkur me\u00f0 opinberum t\u00f3nleikum nemendanna. T\u00f3nleikarnir eru teknir upp me\u00f0 hlj\u00f3\u00f0 og mynd \u00ed g\u00f3\u00f0um g\u00e6\u00f0um svo nemendurnir geti n\u00fdtt s\u00e9r uppt\u00f6kurnar s\u00e9r til framdr\u00e1ttar og til a\u00f0 l\u00e6ra af \u00feeim.<\/p>\n<p>&nbsp;<\/p>\n<p>Fr\u00e1 byrjun hefur annar listr\u00e6nna stj\u00f3rnenda h\u00e1t\u00ed\u00f0arinnar, Gu\u00f0r\u00fan J\u00f3hanna \u00d3lafsd\u00f3ttir, teki\u00f0 vins\u00e6l myndbandsvi\u00f0t\u00f6l vi\u00f0 virta s\u00f6ngvara um s\u00f6ngt\u00e6kni og birt \u00e1 YouTube st\u00f6\u00f0 S\u00f6ngh\u00e1t\u00ed\u00f0ar \u00ed Hafnarborg. Flest vi\u00f0t\u00f6lin eru \u00e1 \u00edslensku, sum me\u00f0 enskum texta og sum \u00e1 ensku. \u00deannig vekur h\u00e1t\u00ed\u00f0in al\u00fej\u00f3\u00f0lega athygli \u00e1 s\u00f6ngvurum og \u00feekkingu \u00feeirra, sem s\u00f6ngnemendur og s\u00f6ngvarar hvar sem er geta l\u00e6rt af.<\/p>\n<p>&nbsp;<\/p>\n<p>Markmi\u00f0 S\u00f6ngh\u00e1t\u00ed\u00f0ar \u00ed Hafnarborg eru:<\/p>\n<p>&nbsp;<\/p>\n<p>1) A\u00f0 koma s\u00f6nglist, s\u00f6ngvurum, s\u00f6ngt\u00e6kni og s\u00f6ngb\u00f3kmenntum, \u00edslenskum sem erlendum, \u00e1 framf\u00e6ri me\u00f0 t\u00f3nleikum, n\u00e1mskei\u00f0um og myndb\u00f6ndum.<\/p>\n<p>2) A\u00f0 bj\u00f3\u00f0a upp \u00e1 s\u00f6ngt\u00f3nleika me\u00f0 eins\u00f6ngvurum, s\u00f6ngh\u00f3pum og hlj\u00f3\u00f0f\u00e6raleikurum.<\/p>\n<p>3) A\u00f0 hvetja f\u00f3lk til a\u00f0 nj\u00f3ta s\u00f6ngt\u00f3nlistar b\u00e6\u00f0i sem hlustendur og gerendur.<\/p>\n<p>4) A\u00f0 virkja b\u00f6rn \u00ed t\u00f3nlistarsk\u00f6pun og t\u00f3nlistari\u00f0kun.<\/p>\n<p>5) A\u00f0 byggja upp n\u00fdjan hlustendah\u00f3p sem saman stendur af b\u00f6rnunum \u00ed S\u00f6ngsmi\u00f0junni, fj\u00f6lskyldum \u00feeirra og vinum sem koma a\u00f0 hlusta \u00e1 \u00feau, en myndu annars kannski ekki s\u00e6kja t\u00f3nleika.<\/p>\n<p>6) A\u00f0 hafa j\u00e1kv\u00e6\u00f0 \u00e1hrif \u00e1 samf\u00e9lagi\u00f0 me\u00f0 \u00fev\u00ed a\u00f0 b\u00faa til samf\u00e9lagslegan vettvang fyrir f\u00f3lk til a\u00f0 hlusta saman \u00e1 t\u00f3nlist,\u00a0 hittast, tala saman og nj\u00f3ta myndlistars\u00fdninga Hafnarborgar \u00ed lei\u00f0inni.<\/p>\n<p>7) A\u00f0 f\u00e6ra t\u00f3nlist til \u00feeirra sem ekki eiga alltaf kost \u00e1 \u00fev\u00ed a\u00f0 fara \u00e1 t\u00f3nleika, me\u00f0 t\u00f3nleikum \u00e1 heimilum fyrir f\u00f3lk me\u00f0 heilabilun.<\/p>\n<p>8) A\u00f0 vera atvinnuskapandi fyrir s\u00f6ngvara, k\u00f3ra og hlj\u00f3\u00f0f\u00e6raleikara.<\/p>\n<p>9) A\u00f0 auka vi\u00f0 menningarframbo\u00f0 yfir sumart\u00edmann og nota \u00feann fr\u00e1b\u00e6ra hlj\u00f3m og flygil sem Hafnarborg hefur upp \u00e1 a\u00f0 bj\u00f3\u00f0a sem t\u00f3nleikasalur.<\/p>\n<p>10) A\u00f0 gefa ungum s\u00f6ngvurum og nemendum t\u00e6kif\u00e6ri til a\u00f0 l\u00e6ra yfir sumart\u00edmann og koma s\u00e9r \u00e1 framf\u00e6ri.<\/p>\n<p>&nbsp;<\/p>\n<p>S\u00f6ngh\u00e1t\u00ed\u00f0 \u00ed Hafnarborg er sj\u00e1lfst\u00e6\u00f0 h\u00e1t\u00ed\u00f0, sem haldin er n\u00fa n\u00edunda \u00e1ri\u00f0 \u00ed r\u00f6\u00f0 \u00ed gj\u00f6fulu samstarfi vi\u00f0 Hafnarborg.<\/p>\n<p>&nbsp;<\/p>\n<p>G\u00f3\u00f0a skemmtun!<\/p>\n<p>&nbsp;<\/p>\n<p><em>Gu\u00f0r\u00fan J\u00f3hanna \u00d3lafsd\u00f3ttir og Francisco Javier J\u00e1uregui,<\/em><\/p>\n<p><em>stofnendur og stj\u00f3rnendur S\u00f6ngh\u00e1t\u00ed\u00f0ar \u00ed Hafnarborg.<\/em><\/p>\n<p>&nbsp;<\/p>\n<p>Stj\u00f3rn S\u00f6ngh\u00e1t\u00ed\u00f0ar \u00ed Hafnarborg:<\/p>\n<p>Sign\u00fd P\u00e1lsd\u00f3ttir, forma\u00f0ur stj\u00f3rnar<\/p>\n<p>\u00c1rni M\u00f6ller, gjaldkeri<\/p>\n<p>Gu\u00f0r\u00fan J\u00f3hanna \u00d3lafsd\u00f3ttir og Francisco Javier J\u00e1uregui, me\u00f0stj\u00f3rnendur<\/p>\n<h2>\n\t\t\tEfnisskr\u00e1r fyrri h\u00e1t\u00ed\u00f0a:<br \/>\u00a0\t<\/h2>\n\t<p>2025<\/p>\n\t\t\t\t<a href=\"https:\/\/songhatid.com\/wp-content\/uploads\/2025\/06\/Hafnarborg_Songhatid_Jun_2025.pdf\"  target=\"_self\" itemprop=\"url\">\n\t\t\t\t<img decoding=\"async\" src=\"https:\/\/songhatid.com\/wp-content\/uploads\/2025\/06\/Eina-sumarnott-songhatid_A5-cover-without-logos.jpg\" alt=\"Eina sumarno\u0301tt - so\u0308ngha\u0301ti\u0301\u00f0_A5 cover without logos\" itemprop=\"image\" height=\"588\" width=\"419\" title=\"Eina sumarno\u0301tt - so\u0308ngha\u0301ti\u0301\u00f0_A5 cover without logos\" onerror=\"this.style.display='none'\" loading='lazy' \/>\n\t\t\t\t<\/a>\n\t<p>2024<\/p>\n\t\t\t\t<a href=\"https:\/\/songhatid.com\/wp-content\/uploads\/2025\/02\/Songhatid_2024_prentud_efnisskra.pdf\"  target=\"_self\" itemprop=\"url\">\n\t\t\t\t<img decoding=\"async\" src=\"https:\/\/songhatid.com\/wp-content\/uploads\/2025\/02\/Songhatid_2024_prentud_efnisskra.jpg\" alt=\"Songhatid_2024_prentud_efnisskra\" itemprop=\"image\" height=\"595\" width=\"419\" title=\"Songhatid_2024_prentud_efnisskra\" onerror=\"this.style.display='none'\" loading='lazy' \/>\n\t\t\t\t<\/a>\n\t<p>2023<\/p>\n\t\t\t\t<a href=\"https:\/\/songhatid.com\/wp-content\/uploads\/2024\/06\/Songhatid_2023_prentud_efnisskra.pdf\"  target=\"_self\" itemprop=\"url\">\n\t\t\t\t<img decoding=\"async\" src=\"https:\/\/songhatid.com\/wp-content\/uploads\/2024\/06\/Songhatid-i-Hafnarborg-Cover-2023-for-web.jpg\" alt=\"So\u0308ngha\u0301ti\u0301\u00f0 i\u0301 Hafnarborg Cover 2023 for web\" itemprop=\"image\" height=\"586\" width=\"413\" title=\"So\u0308ngha\u0301ti\u0301\u00f0 i\u0301 Hafnarborg Cover 2023 for web\" onerror=\"this.style.display='none'\" loading='lazy' \/>\n\t\t\t\t<\/a>\n\t<p>2022<\/p>\n\t\t\t\t<a href=\"https:\/\/songhatid.com\/wp-content\/uploads\/2024\/06\/Songhatid_2022_prentud_efnisskra.pdf\"  target=\"_self\" itemprop=\"url\">\n\t\t\t\t<img decoding=\"async\" src=\"https:\/\/songhatid.com\/wp-content\/uploads\/2024\/06\/Songhatid-2022-Cover-for-Programme-for-web.jpg\" alt=\"Songhatid 2022 Cover for Programme for web\" itemprop=\"image\" height=\"595\" width=\"419\" title=\"Songhatid 2022 Cover for Programme for web\" onerror=\"this.style.display='none'\" loading='lazy' \/>\n\t\t\t\t<\/a>\n\t<p>2021<\/p>\n\t\t\t\t<a href=\"https:\/\/songhatid.com\/wp-content\/uploads\/2022\/04\/Songhatid_2021_prentud_efnisskra.pdf\"  target=\"_self\" itemprop=\"url\">\n\t\t\t\t<img decoding=\"async\" src=\"https:\/\/songhatid.com\/wp-content\/uploads\/2022\/04\/Songhatid_2021_prentud_efnisskra.jpg\" alt=\"2021\" itemprop=\"image\" height=\"595\" width=\"419\" title=\"Songhatid_2021_prentud_efnisskra\" onerror=\"this.style.display='none'\" loading='lazy' \/>\n\t\t\t\t<\/a>\n\t<p>2020<\/p>\n\t\t\t\t<a href=\"https:\/\/songhatid.com\/wp-content\/uploads\/2022\/04\/Songhatid_2020-prentud-efnisskra.pdf\"  target=\"_self\" itemprop=\"url\">\n\t\t\t\t<img decoding=\"async\" src=\"https:\/\/songhatid.com\/wp-content\/uploads\/2022\/04\/Songhatid_2020-prentud-efnisskra-copy.jpg\" alt=\"2020\" itemprop=\"image\" height=\"595\" width=\"419\" title=\"Songhatid_2020 prentud efnisskra copy\" onerror=\"this.style.display='none'\" loading='lazy' \/>\n\t\t\t\t<\/a>\n\t<p>2019<\/p>\n\t\t\t\t<a href=\"https:\/\/songhatid.com\/wp-content\/uploads\/2022\/04\/Songhatid_2019-prentud-efnisskra.pdf\"  target=\"_self\" itemprop=\"url\">\n\t\t\t\t<img decoding=\"async\" src=\"https:\/\/songhatid.com\/wp-content\/uploads\/2022\/04\/Songhatid_2019-prentud-efnisskra.jpg\" alt=\"2019\" itemprop=\"image\" height=\"595\" width=\"419\" title=\"Songhatid_2019 prentud efnisskra\" onerror=\"this.style.display='none'\" loading='lazy' \/>\n\t\t\t\t<\/a>\n\t<p>2018<\/p>\n\t\t\t\t<a href=\"https:\/\/songhatid.com\/wp-content\/uploads\/2022\/04\/Songhatid_2018-prentud-efnisskra.pdf\"  target=\"_self\" itemprop=\"url\">\n\t\t\t\t<img decoding=\"async\" src=\"https:\/\/songhatid.com\/wp-content\/uploads\/2022\/04\/Songhatid_2018-prentud-efnisskra.jpg\" alt=\"2018\" itemprop=\"image\" height=\"595\" width=\"419\" title=\"Songhatid_2018 prentud efnisskra\" onerror=\"this.style.display='none'\" loading='lazy' \/>\n\t\t\t\t<\/a>\n\t<p>2017<\/p>\n\t\t\t\t<a href=\"https:\/\/songhatid.com\/wp-content\/uploads\/2022\/04\/Songhatid_2017_prentud_efnisskra.pdf\"  target=\"_self\" itemprop=\"url\">\n\t\t\t\t<img decoding=\"async\" src=\"https:\/\/songhatid.com\/wp-content\/uploads\/2022\/04\/Songhatid_2017_prentud_efnisskra.jpg\" alt=\"2017\" itemprop=\"image\" height=\"595\" width=\"419\" title=\"Songhatid_2017_prentud_efnisskra\" onerror=\"this.style.display='none'\" loading='lazy' \/>\n\t\t\t\t<\/a>","protected":false},"excerpt":{"rendered":"<p>S\u00f6ngh\u00e1t\u00ed\u00f0 \u00ed Hafnarborg 14.6. &#8211; 29.6.2025 K\u00e6ru gestir. &nbsp; Veri\u00f0 velkomin \u00e1 S\u00f6ngh\u00e1t\u00ed\u00f0 \u00ed Hafnarborg 14.6. &#8211; 29.6.2025! &nbsp; S\u00f6ngh\u00e1t\u00ed\u00f0 \u00ed Hafnarborg hefur \u00fea\u00f0 a\u00f0 markmi\u00f0i a\u00f0 koma list raddarinnar \u00e1 framf\u00e6ri. H\u00e1t\u00ed\u00f0in b\u00fd\u00f0ur upp \u00e1 t\u00f3nleika me\u00f0 eins\u00f6ngvurum, k\u00f3rum, kammers\u00f6ngh\u00f3pum og hlj\u00f3\u00f0f\u00e6raleikurum, fj\u00f6lskyldut\u00f3nleika, master class fyrir unga s\u00f6ngvara og s\u00f6ngnemendur, s\u00f6ngsmi\u00f0ju fyrir b\u00f6rn og&hellip;<\/p>","protected":false},"author":1,"featured_media":0,"parent":0,"menu_order":0,"comment_status":"closed","ping_status":"closed","template":"","meta":{"footnotes":""},"class_list":["post-2858","page","type-page","status-publish","hentry"],"_links":{"self":[{"href":"https:\/\/songhatid.com\/en\/wp-json\/wp\/v2\/pages\/2858","targetHints":{"allow":["GET"]}}],"collection":[{"href":"https:\/\/songhatid.com\/en\/wp-json\/wp\/v2\/pages"}],"about":[{"href":"https:\/\/songhatid.com\/en\/wp-json\/wp\/v2\/types\/page"}],"author":[{"embeddable":true,"href":"https:\/\/songhatid.com\/en\/wp-json\/wp\/v2\/users\/1"}],"replies":[{"embeddable":true,"href":"https:\/\/songhatid.com\/en\/wp-json\/wp\/v2\/comments?post=2858"}],"version-history":[{"count":22,"href":"https:\/\/songhatid.com\/en\/wp-json\/wp\/v2\/pages\/2858\/revisions"}],"predecessor-version":[{"id":3984,"href":"https:\/\/songhatid.com\/en\/wp-json\/wp\/v2\/pages\/2858\/revisions\/3984"}],"wp:attachment":[{"href":"https:\/\/songhatid.com\/en\/wp-json\/wp\/v2\/media?parent=2858"}],"curies":[{"name":"wp","href":"https:\/\/api.w.org\/{rel}","templated":true}]}}