{"id":42,"date":"2017-04-17T21:39:48","date_gmt":"2017-04-17T21:39:48","guid":{"rendered":"https:\/\/www.songhatid.com\/?page_id=42"},"modified":"2026-04-09T11:58:59","modified_gmt":"2026-04-09T11:58:59","slug":"master-class-2-2","status":"publish","type":"page","link":"https:\/\/songhatid.com\/en\/master-class-2-2\/","title":{"rendered":"MASTER CLASS"},"content":{"rendered":"<figure itemscope itemtype=\"https:\/\/schema.org\/ImageObject\">\n\t\t\t\t<img decoding=\"async\" src=\"https:\/\/songhatid.com\/wp-content\/uploads\/2025\/02\/kristinn-sigmundsson.jpg\" alt=\"kristinn sigmundsson\" height=\"1500\" width=\"2000\" title=\"kristinn sigmundsson\" onerror=\"this.style.display='none'\" loading=\"lazy\" \/>\n\t<\/figure>\n\t<h1>Kristinn Sigmundsson<\/h1>\n<h1>MASTER CLASS<\/h1>\n<h1>22.6. &#8211; 25.6.2026<\/h1>\n<h4>S\u00f6ngh\u00e1t\u00ed\u00f0 \u00ed Hafnarborg 2026 b\u00fd\u00f0ur upp \u00e1 master class n\u00e1mskei\u00f0 \u00ed klass\u00edskum s\u00f6ng. Kennari er Kristinn Sigmundsson bassi. N\u00e1mskei\u00f0i\u00f0 er fyrir s\u00f6ngvara og s\u00f6ngnemendur. P\u00edan\u00f3leikari n\u00e1mskei\u00f0sins er Helga Brynd\u00eds Magn\u00fasd\u00f3ttir.<\/h4>\n<h4>N\u00e1mskei\u00f0i\u00f0 fer fram \u00ed Hafnarborg, Strandg\u00f6tu 24, \u00ed Hafnarfir\u00f0i eftirfarandi daga:<\/h4>\n<h4>M\u00e1nudaginn 22.6. &#8211; fimmtudaginn 25.6.2026 fyrir og eftir h\u00e1degi.<\/h4>\n<h4>Fimmtudaginn 25. j\u00fan\u00ed 2026 kl. 20:00: T\u00f3nleikar \u00ed Hafnarborg. Flytjendur eru virkir \u00fe\u00e1tttakendur \u00e1 master class n\u00e1mskei\u00f0inu \u00e1samt p\u00edan\u00f3leikaranum Helgu Brynd\u00edsi Magn\u00fasd\u00f3ttur. T\u00f3nleikarnir eru opnir \u00e1horfendum og selt er inn \u00e1 \u00fe\u00e1. T\u00f3nleikarnir ver\u00f0a hlj\u00f3\u00f0rita\u00f0ir og f\u00e1 \u00fe\u00e1tttakendur eintak af uppt\u00f6kunni.<\/h4>\n<h4>N\u00e1mskei\u00f0sgjald fyrir virka \u00fe\u00e1tttakendur er 42.000 kr.\u00a0 \u00dea\u00f0 innifelur hlj\u00f3\u00f0uppt\u00f6ku af t\u00f3nleikunum 25. j\u00fan\u00ed, sem tilvali\u00f0 er a\u00f0 s\u00f6ngnemendur noti s\u00e9r til kynningar.<\/h4>\n<h4>Athugi\u00f0 a\u00f0 fj\u00f6ldi virkra \u00fe\u00e1tttakenda er takmarka\u00f0ur. L\u00e1gmarkskrafa er a\u00f0 hafa loki\u00f0 mi\u00f0pr\u00f3fi \u00ed s\u00f6ng (ekki \u00ed t\u00f3nfr\u00e6\u00f0agreinum). L\u00f6g og ar\u00edur \u00e1 n\u00e1mskei\u00f0inu og t\u00f3nleikunum skulu sungin utanb\u00f3kar.<\/h4>\n\n<h4><a href=\"https:\/\/docs.google.com\/forms\/d\/e\/1FAIpQLScXlVtB9Jl6CIPI-lX2vRtlUmFDrks7xsmnD0NmOSXwnIVuNg\/viewform?usp=sharing&amp;ouid=108036638053009501210\">Skr\u00e1ning fer fram \u00e1 Google forms<\/a><\/h4>\n<p>&nbsp;<\/p>\n<h4>Vinsamlegast beini\u00f0 spurningum \u00ed netfangi\u00f0 info@songhatid.com<\/h4>\n\t<h4>KRISTINN SIGMUNDSSON bassas\u00f6ngvari lag\u00f0i stund \u00e1 s\u00f6ngn\u00e1m hj\u00e1 Gu\u00f0mundi J\u00f3nssyni, Helene Karusso og John Bullock. Hann hefur komi\u00f0 fram \u00ed \u00f3peru- og t\u00f3nleikah\u00fasum v\u00ed\u00f0svegar um heim \u00ed u.\u00fe.b. \u00ferj\u00e1 \u00e1ratugi, svo sem New York, San Francisco, Los Angeles, Milano, London, Berl\u00edn, Amsterdam, Br\u00fcssel, Tokyo og Beijing. Hann hefur sungi\u00f0 yfir 100 \u00f3peruhlutverk. Kristinn hefur haldi\u00f0 marga lj\u00f3\u00f0at\u00f3nleika \u00e1 \u00cdslandi, a\u00f0allega me\u00f0 J\u00f3nasi Ingimundasyni. \u00deeir hlj\u00f3\u00f0ritu\u00f0u Svanas\u00f6ng og Vetrarfer\u00f0 Schuberts, auk nokkurra diska me\u00f0 \u00edslenskum og erlendum s\u00f6ngl\u00f6gum.\u00a0 Hann hefur auk \u00feess teki\u00f0 upp Vetrarfer\u00f0ina me\u00f0 V\u00edkingi Hei\u00f0ari \u00d3lafssyni. Af \u00f6\u00f0rum uppt\u00f6kum m\u00e1 nefna Don Giovanni og T\u00f6fraflautuna undir stj\u00f3rn Arnolds \u00d6stman (Decca), J\u00f3hannesar- og Mattheusarpass\u00edu Bachs me\u00f0 Franz Bruggen (Phillips) Szenen aus Goethes Faust eftir Schumann undir stj\u00f3rn Philippe Herreweghe (Harmonia Mundi), Fidelio undir stj\u00f3rn Sir Colin Davis (London Symphony Orchestra), Die Gezeichneten eftir Franz Schreker, stj. Lothar Zagrosek (Deutsche Grammophon) og s\u00ed\u00f0ast en ekki s\u00edst, The Ghosts of Versailles eftir John Corigliano undir stj\u00f3rn James Conlon (Los Angeles\u00a0 \u00d3peran). S\u00fa upptaka vann til tvennra Grammy-ver\u00f0launa. Kristinn hefur hloti\u00f0 fj\u00f6lda vi\u00f0urkenninga og m\u00e1 \u00fear nefna Philadelphia Opera prize og Opernwelt-ver\u00f0launin \u00ed Belvedere \u00f3perus\u00f6ngvarakeppninni \u00ed V\u00edn, St\u00e4mgaffeln &#8211; Det klassiska svenska fonogrampriset, \u00cdslensku t\u00f3nlistarver\u00f0launin, Riddarakross hinnar \u00edslensku f\u00e1lkaor\u00f0u, B\u00e6jarlistama\u00f0ur K\u00f3pavogs, \u00datflutningsver\u00f0laun Forseta \u00cdslands og \u00cdslandsstofu, Gr\u00edmuver\u00f0laun &#8211; S\u00f6ngvari \u00e1rsins og Hei\u00f0ursver\u00f0laun \u00cdslensku t\u00f3nlistarver\u00f0launanna.<\/h4>","protected":false},"excerpt":{"rendered":"<p>Kristinn Sigmundsson MASTER CLASS 22.6. &#8211; 25.6.2026 S\u00f6ngh\u00e1t\u00ed\u00f0 \u00ed Hafnarborg 2026 b\u00fd\u00f0ur upp \u00e1 master class n\u00e1mskei\u00f0 \u00ed klass\u00edskum s\u00f6ng. Kennari er Kristinn Sigmundsson bassi. N\u00e1mskei\u00f0i\u00f0 er fyrir s\u00f6ngvara og s\u00f6ngnemendur. P\u00edan\u00f3leikari n\u00e1mskei\u00f0sins er Helga Brynd\u00eds Magn\u00fasd\u00f3ttir. N\u00e1mskei\u00f0i\u00f0 fer fram \u00ed Hafnarborg, Strandg\u00f6tu 24, \u00ed Hafnarfir\u00f0i eftirfarandi daga: M\u00e1nudaginn 22.6. &#8211; fimmtudaginn 25.6.2026 fyrir og&hellip;<\/p>","protected":false},"author":1,"featured_media":0,"parent":0,"menu_order":0,"comment_status":"closed","ping_status":"closed","template":"","meta":{"footnotes":""},"class_list":["post-42","page","type-page","status-publish","hentry"],"_links":{"self":[{"href":"https:\/\/songhatid.com\/en\/wp-json\/wp\/v2\/pages\/42","targetHints":{"allow":["GET"]}}],"collection":[{"href":"https:\/\/songhatid.com\/en\/wp-json\/wp\/v2\/pages"}],"about":[{"href":"https:\/\/songhatid.com\/en\/wp-json\/wp\/v2\/types\/page"}],"author":[{"embeddable":true,"href":"https:\/\/songhatid.com\/en\/wp-json\/wp\/v2\/users\/1"}],"replies":[{"embeddable":true,"href":"https:\/\/songhatid.com\/en\/wp-json\/wp\/v2\/comments?post=42"}],"version-history":[{"count":45,"href":"https:\/\/songhatid.com\/en\/wp-json\/wp\/v2\/pages\/42\/revisions"}],"predecessor-version":[{"id":4007,"href":"https:\/\/songhatid.com\/en\/wp-json\/wp\/v2\/pages\/42\/revisions\/4007"}],"wp:attachment":[{"href":"https:\/\/songhatid.com\/en\/wp-json\/wp\/v2\/media?parent=42"}],"curies":[{"name":"wp","href":"https:\/\/api.w.org\/{rel}","templated":true}]}}